{"id":6,"date":"2020-03-05T14:26:48","date_gmt":"2020-03-05T13:26:48","guid":{"rendered":"http:\/\/magicsteph.be\/?page_id=6"},"modified":"2022-03-09T20:29:57","modified_gmt":"2022-03-09T19:29:57","slug":"presentation","status":"publish","type":"page","link":"https:\/\/magicsteph.be\/","title":{"rendered":"Pr\u00e9sentation"},"content":{"rendered":"<p>Bonjour,<\/p>\n<p>Je suis St\u00e9phane un artiste passionn\u00e9 par la magie et connu dans le milieu sous le surnom de\u00a0 &#8220;MagicSteph&#8221;.<\/p>\n<p>Je pratique la magie depuis <em>28 <\/em><em>ann\u00e9es<\/em> aussi bien pour les adultes que pour les enfants.\u00a0 Un long parcours de vie ou j&#8217;ai eu le plaisir de r\u00e9aliser toutes sortes de prestations pour un public diversifi\u00e9 (pour des soci\u00e9t\u00e9s, pour des particuliers, pour des associations caritatives etc&#8230;). J&#8217;ai \u00e9galement eu la joie de devenir papa de deux enfants et c&#8217;est ainsi que je me suis perfectionn\u00e9 dans la magie pour enfant ou je r\u00e9alise assez r\u00e9guli\u00e8rement des prestations pour le monde scolaire et extrascolaire. Mes enfants \u00e9tant \u00e9videmment devenus des moteurs pour moi et les premiers spectateurs et critiques de mes spectacles.<\/p>\n<p>J\u2019ai suivi \u00e9galement une multitude de s\u00e9minaires et conf\u00e9rences de magie afin de perfectionner ma pratique et suis toujours en recherche de nouvelles approches.\u00a0 La magie est un m\u00e9tier en constante \u00e9volution et qui demande un entra\u00eenement quasi quotidien !<\/p>\n<p>C&#8217;est avec passion et perfectionisme que j&#8217;\u00e9volue donc au fil du temps. Je vous laisse d&#8217;ailleurs voir juste ici en image un tout petit aper\u00e7u de mon parcours que j &#8216;ai eu la chance de pr\u00e9senter pour <em>t\u00e9l\u00e9-bruxelles<\/em> dans l&#8217;\u00e9mission:&#8221; <em>t&#8217;as deux minutes&#8221;.<br \/>\n<\/em><\/p>\n<blockquote class=\"wp-embedded-content\" data-secret=\"nE17eK9wHz\"><p><a href=\"https:\/\/bx1.be\/emission\/tas-2-minutes-stephane-vandevelde-magicien-de-close-up\/\">T&#8217;as 2 minutes? St\u00e9phane Vandevelde, Magicien de close-up<\/a><\/p><\/blockquote>\n<p><iframe loading=\"lazy\" class=\"wp-embedded-content\" sandbox=\"allow-scripts\" security=\"restricted\" style=\"position: absolute; clip: rect(1px, 1px, 1px, 1px);\" title=\"\u00ab\u00a0T&#8217;as 2 minutes? St\u00e9phane Vandevelde, Magicien de close-up\u00a0\u00bb &#8212; BX1\" src=\"https:\/\/bx1.be\/emission\/tas-2-minutes-stephane-vandevelde-magicien-de-close-up\/embed\/#?secret=OLkymGTcDU#?secret=nE17eK9wHz\" data-secret=\"nE17eK9wHz\" width=\"600\" height=\"338\" frameborder=\"0\" marginwidth=\"0\" marginheight=\"0\" scrolling=\"no\"><\/iframe><\/p>\n","protected":false},"excerpt":{"rendered":"<p>Bonjour, Je suis St\u00e9phane un artiste passionn\u00e9 par la magie et connu dans le milieu sous le surnom de\u00a0 &#8220;MagicSteph&#8221;. Je pratique la magie depuis 28 ann\u00e9es aussi bien pour les adultes que pour les enfants.\u00a0 Un long parcours de<\/p>\n","protected":false},"author":1,"featured_media":0,"parent":0,"menu_order":2,"comment_status":"closed","ping_status":"closed","template":"","meta":{"footnotes":""},"class_list":["post-6","page","type-page","status-publish","hentry"],"_links":{"self":[{"href":"https:\/\/magicsteph.be\/index.php\/wp-json\/wp\/v2\/pages\/6","targetHints":{"allow":["GET"]}}],"collection":[{"href":"https:\/\/magicsteph.be\/index.php\/wp-json\/wp\/v2\/pages"}],"about":[{"href":"https:\/\/magicsteph.be\/index.php\/wp-json\/wp\/v2\/types\/page"}],"author":[{"embeddable":true,"href":"https:\/\/magicsteph.be\/index.php\/wp-json\/wp\/v2\/users\/1"}],"replies":[{"embeddable":true,"href":"https:\/\/magicsteph.be\/index.php\/wp-json\/wp\/v2\/comments?post=6"}],"version-history":[{"count":15,"href":"https:\/\/magicsteph.be\/index.php\/wp-json\/wp\/v2\/pages\/6\/revisions"}],"predecessor-version":[{"id":149,"href":"https:\/\/magicsteph.be\/index.php\/wp-json\/wp\/v2\/pages\/6\/revisions\/149"}],"wp:attachment":[{"href":"https:\/\/magicsteph.be\/index.php\/wp-json\/wp\/v2\/media?parent=6"}],"curies":[{"name":"wp","href":"https:\/\/api.w.org\/{rel}","templated":true}]}}