{"id":115,"date":"2020-03-10T17:08:03","date_gmt":"2020-03-10T16:08:03","guid":{"rendered":"http:\/\/magicsteph.be\/?page_id=115"},"modified":"2020-12-06T13:40:03","modified_gmt":"2020-12-06T12:40:03","slug":"temoignages","status":"publish","type":"page","link":"https:\/\/magicsteph.be\/index.php\/temoignages\/","title":{"rendered":"T\u00e9moignages"},"content":{"rendered":"<div class=\"ms-OverflowSet-overflowButton overflowButton-63\">\n<div class=\"ms-TooltipHost root-165\"><\/div>\n<\/div>\n<div class=\"_2zOpJb7ZbCN0X1DoeFyiYw JWNdg1hee9_Rz6bIGvG1c allowTextSelection\">\n<div>\n<div class=\"BodyFragment\">\n<div class=\"PlainText\">On est adulte et alorsss besoin de r\u00e9veiller la magie et l&#8217;enfant qui est en vous et celle d&#8217;un proche ou encore d&#8217;animer l&#8217;anniversaire de votre enfant peu importe son \u00e2ge&#8230;N&#8217;hesitez surtout pas de leurs jeter un sort et de leurs mettre des \u00e9toiles plein les yeux&#8230;<br \/>\nPour se faire contactez Magicsteph Show et allez voir son Web site <a id=\"LPlnk468397\" href=\"http:\/\/magicsteph.be\/\" target=\"_blank\" rel=\"noopener noreferrer\" data-auth=\"NotApplicable\">http:\/\/magicsteph.be\/<\/a><br \/>\nEt que la magie op\u00e8re !!!!!Si vous pensez que cela int\u00e9resserait l&#8217;uns de vos proches simple partagezzzz !!! \u2b50\u2b50 Magicsteph Show,<br \/>\nC&#8217;est retrouv\u00e9 son \u00e2me d&#8217;enfants, en l&#8217;espace d&#8217;un moment. Tu arrives \u00e0 faire r\u00e9gner dans un lieu quelqu&#8217;il soit, un \u00e9quilibre entre l&#8217;\u00e9tonnement, les sourirs en coin, les bouches ouvertes, ses applaudissements,&#8230;Merci d&#8217;avoir ce grand c\u0153ur en toi, qui fait que le partage de ta passion n&#8217;a pas de limites. Tu as toujours su apporter de la gaiet\u00e9 \ud83d\ude06au sein des \u00e9coles. Mais JE N&#8217;OUBLIERAIS JAMAIS, ta spontan\u00e9it\u00e9 pour les enfants de la cit\u00e9, et ce beau souvenir que tu leur laissera dans leurs esprits\ud83d\udc9d\ud83d\udc9d et je t&#8217;en remercies encore aujourd&#8217;hui. C&#8217;est toujours un plaisir de pouvoir t&#8217;avoir avec nous et je te recommande vivement \u00e0 tous ceux qui cherche l&#8217;humain, le Show, le vraie spectacle!\ud83d\udc4f\ud83d\udc4f\ud83d\udc4fJe t applaudis \u00e0 mon tour et h\u00e2te de te revoir tr\u00e8s bient\u00f4t car les enfants t&#8217;adorent.Quand \u00e0 Moi, j&#8217;en suis fan\ud83e\udd29!!!!!<br \/>\nPrends soin de toi.<\/p>\n<\/div>\n<\/div>\n<\/div>\n<\/div>\n<div id=\"LivePersonaCardRootElement\" class=\"lpc_ip_root_class\"><\/div>\n<div id=\"lpc__immersive__container\" class=\"lpc_ip_root_class\"><\/div>\n<p>Nous avons fait appel aux services de St\u00e9phane\u00a0 pour l&#8217;anniversaire de notre fils qui f\u00eatait ses 5 ans. St\u00e9phane est venu \u00e0 la salle que nous avions lou\u00e9 avec tout son\u00a0 mat\u00e9riel. Tous les enfants (une douzaine) ont ador\u00e9 le spectacle. Les tours de magie sont vari\u00e9s et ludiques. Il essaye de faire participer un maximum d&#8217;enfants durant le spectacle. Ceux-ci sont captiv\u00e9s du d\u00e9but \u00e0 la fin. Le spectacle a dur\u00e9 plus d&#8217;une heure et s&#8217;est termin\u00e9 par la fabrication de ballons pour chaque enfant. Le prix qu&#8217;il demande est tr\u00e8s raisonnable au vu du temps et de l&#8217;\u00e9nergie que \u00e7a demande. Mon fils en parle encore maintenant avec des \u00e9toiles plein les yeux. Bref c&#8217;\u00e9tait magique ! Lionel d&#8217;Auderghem.<\/p>\n<p>____________________________________________________________________________<\/p>\n<p>Pour d\u00e9finir la personne et le magicien que tu es je vais dire que tu es une personne super souriante, au contact facile avec les grands et les petits. La magie fait partie de toi et \u00e7a se reflet sur ta personne, l\u2019\u00e9motion que tu transmets durant tes tours sont magiques. Les enfants sont toujours \u00e9merveill\u00e9s par ton monde si myst\u00e9rieux pour les grands et f\u00e9erique pour les enfants. Sans h\u00e9sitations il faut faire appel \u00e0 toi pour vivre des moments inoubliables pour les petits et les adultes aussi. A tr\u00e8s bient\u00f4t Michele de Petit-Enghien.<\/p>\n<p>_____________________________________________________________________________<\/p>\n<p>Un grand merci \u00e0 Steph ZE Magicien pour avoir enchant\u00e9 notre apr\u00e8s midi \u00e0 l occasion de l anniversaire de notre fils Nathan !<br \/>\nUn spectacle haut en couleurs qui fera na\u00eetre plein d \u00e9toiles dans les yeux des petits mais aussi des grands ! Bravo ! John Wolluwe<\/p>\n<p>_____________________________________________________________________________<\/p>\n<p>Ma rencontre avec St\u00e9phane remonte \u00e0 quelques ann\u00e9es maintenant. Je doit avou\u00e9 que j\u2019ignorai tout de son activit\u00e9 et sa passion. St\u00e9phane est une personne qui malgr\u00e9 ses grands \u00e9lans de m\u00e9galomanie Copperfieldesque ,accompagn\u00e9 de ses grands rires de h\u00e9ros tout droit sortis d\u2019un film Marvel et qui nous emm\u00e8ne \u00e0 penser \u00e0 un sorcier bienveillant en cape blanche qui a tout moment en jetant en l\u2019air-une patte de lapin, trois graines de lupin et un peut de poudre de perlimpinpin vas sauver le monde d\u2019une destruction imminente d\u2019un affreux vilain en tongues,cape et leggings. Oui sans \u00e9quivoque il est dot\u00e9 de puissant pouvoir magique. Voil\u00e0\u00a0 voil\u00e0! Tr\u00eaves de divagations ubuesques. Malgr\u00e9 ses petites choses St\u00e9phane est quelqu\u2019un d\u2019assez humble et de passionn\u00e9 par son art la magie, a qui il a vou\u00e9e des ann\u00e9es de travails de pratiques et de passions pour vous transmettre tout \u00e7a dans la seconde. Ses tours son tellement bien rod\u00e9e, sa bonne humeur son savoir faire pour amener le spectateur jusqu\u2019au clou, le prestige du spectacle vous laisse \u00e0 la fois perplexe surpris et joyeux en m\u00eame temps. le tout en y ajoutant une touche de son non moins fameux humour pince sans rire, me laisse \u00e0 chaque fois \u00e0 la fin de l\u2019un de ses tours sans voix devant son savoir faire et sa passion! Il a plus d\u2019un tour dans son sac et plusieurs cartes dans sa manche et c\u2019est le cas de le dire, car de mani\u00e8re interactive et d\u00e9tendu il vous fait participer \u00e9galement \u00e0 la plupart des tours. Pour un mariage un anniversaire une bar-mitsva ou encore en toutes d\u00e9contraction entre amis, l\u2019occasion de le voir en action en vaut le d\u00e9tour de magie! Carlo Jette<\/p>\n<p>_______________________________________________________________________<\/p>\n<div class=\"_2zOpJb7ZbCN0X1DoeFyiYw JWNdg1hee9_Rz6bIGvG1c allowTextSelection\">\n<div>\n<div class=\"BodyFragment\">\n<div class=\"PlainText\">\n<p>&nbsp;<\/p>\n<\/div>\n<\/div>\n<\/div>\n<\/div>\n<div id=\"LivePersonaCardRootElement\" class=\"lpc_ip_root_class\"><\/div>\n<div id=\"lpc__immersive__container\" class=\"lpc_ip_root_class\"><\/div>\n","protected":false},"excerpt":{"rendered":"<p>On est adulte et alorsss besoin de r\u00e9veiller la magie et l&#8217;enfant qui est en vous et celle d&#8217;un proche ou encore d&#8217;animer l&#8217;anniversaire de votre enfant peu importe son \u00e2ge&#8230;N&#8217;hesitez surtout pas de leurs jeter un sort et de<\/p>\n","protected":false},"author":1,"featured_media":0,"parent":0,"menu_order":9,"comment_status":"closed","ping_status":"closed","template":"","meta":{"footnotes":""},"class_list":["post-115","page","type-page","status-publish","hentry"],"_links":{"self":[{"href":"https:\/\/magicsteph.be\/index.php\/wp-json\/wp\/v2\/pages\/115","targetHints":{"allow":["GET"]}}],"collection":[{"href":"https:\/\/magicsteph.be\/index.php\/wp-json\/wp\/v2\/pages"}],"about":[{"href":"https:\/\/magicsteph.be\/index.php\/wp-json\/wp\/v2\/types\/page"}],"author":[{"embeddable":true,"href":"https:\/\/magicsteph.be\/index.php\/wp-json\/wp\/v2\/users\/1"}],"replies":[{"embeddable":true,"href":"https:\/\/magicsteph.be\/index.php\/wp-json\/wp\/v2\/comments?post=115"}],"version-history":[{"count":11,"href":"https:\/\/magicsteph.be\/index.php\/wp-json\/wp\/v2\/pages\/115\/revisions"}],"predecessor-version":[{"id":144,"href":"https:\/\/magicsteph.be\/index.php\/wp-json\/wp\/v2\/pages\/115\/revisions\/144"}],"wp:attachment":[{"href":"https:\/\/magicsteph.be\/index.php\/wp-json\/wp\/v2\/media?parent=115"}],"curies":[{"name":"wp","href":"https:\/\/api.w.org\/{rel}","templated":true}]}}